{"id":154,"date":"2019-03-14T16:59:09","date_gmt":"2019-03-14T16:59:09","guid":{"rendered":"http:\/\/www.mentoriatutoria.pt\/?page_id=154"},"modified":"2025-02-20T16:15:56","modified_gmt":"2025-02-20T16:15:56","slug":"instituicoes-fundadoras","status":"publish","type":"page","link":"http:\/\/www.mentoriatutoria.pt\/?page_id=154","title":{"rendered":"Institui\u00e7\u00f5es fundadoras"},"content":{"rendered":"\n<div class=\"wp-block-columns alignfull is-layout-flex wp-container-core-columns-is-layout-9d6595d7 wp-block-columns-is-layout-flex\">\n<div class=\"wp-block-column has-nv-site-bg-color has-nv-c-1-background-color has-text-color has-background has-link-color wp-elements-e7eefd5afc91b661eca6b0c622afdbea is-layout-flow wp-block-column-is-layout-flow\" style=\"padding-top:var(--wp--preset--spacing--40);padding-right:var(--wp--preset--spacing--50);padding-bottom:var(--wp--preset--spacing--40);padding-left:var(--wp--preset--spacing--50);flex-basis:33.33%\">\n<h2 class=\"wp-block-heading\">S\u00e3o fundadoras da Rede as institui\u00e7\u00f5es seguintes<\/h2>\n<\/div>\n\n\n\n<div class=\"wp-block-column is-layout-flow wp-block-column-is-layout-flow\" style=\"flex-basis:66.66%\">\n<div class=\"wp-block-group is-vertical is-layout-flex wp-container-core-group-is-layout-8cf370e7 wp-block-group-is-layout-flex\">\n<figure class=\"wp-block-image size-full is-resized\"><img loading=\"lazy\" decoding=\"async\" width=\"616\" height=\"161\" src=\"http:\/\/www.mentoriatutoria.pt\/wp-content\/uploads\/2019\/03\/UA_Cor.jpg\" alt=\"\" class=\"wp-image-484\" style=\"width:616px;height:auto\" srcset=\"http:\/\/www.mentoriatutoria.pt\/wp-content\/uploads\/2019\/03\/UA_Cor.jpg 616w, http:\/\/www.mentoriatutoria.pt\/wp-content\/uploads\/2019\/03\/UA_Cor-300x78.jpg 300w\" sizes=\"auto, (max-width: 616px) 100vw, 616px\" \/><\/figure>\n\n\n\n<figure class=\"wp-block-image size-full is-resized\"><img loading=\"lazy\" decoding=\"async\" width=\"405\" height=\"232\" src=\"http:\/\/www.mentoriatutoria.pt\/wp-content\/uploads\/2021\/02\/Mont-Logos_02.jpg\" alt=\"\" class=\"wp-image-2563\" style=\"width:405px;height:auto\" srcset=\"http:\/\/www.mentoriatutoria.pt\/wp-content\/uploads\/2021\/02\/Mont-Logos_02.jpg 405w, http:\/\/www.mentoriatutoria.pt\/wp-content\/uploads\/2021\/02\/Mont-Logos_02-300x172.jpg 300w\" sizes=\"auto, (max-width: 405px) 100vw, 405px\" \/><\/figure>\n\n\n\n<figure class=\"wp-block-image size-full is-resized\"><img loading=\"lazy\" decoding=\"async\" width=\"415\" height=\"232\" src=\"http:\/\/www.mentoriatutoria.pt\/wp-content\/uploads\/2021\/02\/Mont-Logos_03.jpg\" alt=\"\" class=\"wp-image-2566\" style=\"width:415px;height:auto\" srcset=\"http:\/\/www.mentoriatutoria.pt\/wp-content\/uploads\/2021\/02\/Mont-Logos_03.jpg 415w, http:\/\/www.mentoriatutoria.pt\/wp-content\/uploads\/2021\/02\/Mont-Logos_03-300x168.jpg 300w\" sizes=\"auto, (max-width: 415px) 100vw, 415px\" \/><\/figure>\n\n\n\n<figure class=\"wp-block-image size-full is-resized\"><img loading=\"lazy\" decoding=\"async\" width=\"549\" height=\"92\" src=\"http:\/\/www.mentoriatutoria.pt\/wp-content\/uploads\/2019\/03\/UTAD.png\" alt=\"\" class=\"wp-image-487\" style=\"width:549px;height:auto\" srcset=\"http:\/\/www.mentoriatutoria.pt\/wp-content\/uploads\/2019\/03\/UTAD.png 549w, http:\/\/www.mentoriatutoria.pt\/wp-content\/uploads\/2019\/03\/UTAD-300x50.png 300w\" sizes=\"auto, (max-width: 549px) 100vw, 549px\" \/><\/figure>\n\n\n\n<figure class=\"wp-block-image size-full\"><img loading=\"lazy\" decoding=\"async\" width=\"400\" height=\"300\" src=\"http:\/\/www.mentoriatutoria.pt\/wp-content\/uploads\/2019\/03\/conjPVP-e1614099282490.jpg\" alt=\"\" class=\"wp-image-475\"\/><\/figure>\n<\/div>\n<\/div>\n<\/div>\n","protected":false},"excerpt":{"rendered":"<p>S\u00e3o fundadoras da Rede as institui\u00e7\u00f5es seguintes<\/p>\n","protected":false},"author":7,"featured_media":484,"parent":0,"menu_order":0,"comment_status":"closed","ping_status":"closed","template":"","meta":{"neve_meta_sidebar":"","neve_meta_container":"","neve_meta_enable_content_width":"","neve_meta_content_width":0,"neve_meta_title_alignment":"","neve_meta_author_avatar":"","neve_post_elements_order":"","neve_meta_disable_header":"","neve_meta_disable_footer":"","neve_meta_disable_title":"","_themeisle_gutenberg_block_has_review":false,"footnotes":""},"class_list":["post-154","page","type-page","status-publish","has-post-thumbnail","hentry"],"_links":{"self":[{"href":"http:\/\/www.mentoriatutoria.pt\/index.php?rest_route=\/wp\/v2\/pages\/154","targetHints":{"allow":["GET"]}}],"collection":[{"href":"http:\/\/www.mentoriatutoria.pt\/index.php?rest_route=\/wp\/v2\/pages"}],"about":[{"href":"http:\/\/www.mentoriatutoria.pt\/index.php?rest_route=\/wp\/v2\/types\/page"}],"author":[{"embeddable":true,"href":"http:\/\/www.mentoriatutoria.pt\/index.php?rest_route=\/wp\/v2\/users\/7"}],"replies":[{"embeddable":true,"href":"http:\/\/www.mentoriatutoria.pt\/index.php?rest_route=%2Fwp%2Fv2%2Fcomments&post=154"}],"version-history":[{"count":17,"href":"http:\/\/www.mentoriatutoria.pt\/index.php?rest_route=\/wp\/v2\/pages\/154\/revisions"}],"predecessor-version":[{"id":2955,"href":"http:\/\/www.mentoriatutoria.pt\/index.php?rest_route=\/wp\/v2\/pages\/154\/revisions\/2955"}],"wp:featuredmedia":[{"embeddable":true,"href":"http:\/\/www.mentoriatutoria.pt\/index.php?rest_route=\/wp\/v2\/media\/484"}],"wp:attachment":[{"href":"http:\/\/www.mentoriatutoria.pt\/index.php?rest_route=%2Fwp%2Fv2%2Fmedia&parent=154"}],"curies":[{"name":"wp","href":"https:\/\/api.w.org\/{rel}","templated":true}]}}